{"id":285,"date":"2019-12-29T16:35:53","date_gmt":"2019-12-29T15:35:53","guid":{"rendered":"https:\/\/dev.koi-leitgeb.at\/?page_id=285"},"modified":"2025-01-11T09:58:16","modified_gmt":"2025-01-11T08:58:16","slug":"hallo-liebe-koi-freunde","status":"publish","type":"page","link":"https:\/\/koi-leitgeb.at\/","title":{"rendered":"Herzlich willkommen auf unserer Homepage"},"content":{"rendered":"\n<p>Bei der j\u00e4hrlichen Japanreise werden die Koi von <strong>mir <\/strong>pers\u00f6nlich selektiert, um Ihnen nur Koi, <strong>bester Gesundheit<\/strong> in <strong>top Qualit\u00e4t<\/strong> anbieten zu k\u00f6nnen. <\/p>\n\n\n\n<p>Mag. Yasmin Golger Fachtier\u00e4rztin f\u00fcr Fische und Bienen kontrolliert zusammen mit der Veterin\u00e4rmedizinischen Universit\u00e4t die Wasserqualit\u00e4t und die Gesundheit der Koi.<\/p>\n\n\n\n<p>Die KHV-Test\u00b4s sind in unserer Anlage einsehbar.<\/p>\n\n\n\n<p>Neben Koi finden Sie auch unser Hochleistungs Koifutter Chikara,  Mehrkammernfilter und Teichzubeh\u00f6r, auf meiner Webseite.<\/p>\n\n\n\n<h4 class=\"wp-block-heading\">KEIN VERSAND VON KOI, ZUSTELLUNG JEDOCH AUF ANFRAGE M\u00d6GLICH!<\/h4>\n\n\n\n<p>Auch&nbsp;<strong>Gutscheine<\/strong>&nbsp;sind bei uns erh\u00e4ltlich.<\/p>\n\n\n\n<p><strong><em>IHRE ZUFRIEDENHEIT HAT BEI UNS H\u00d6CHSTE PRIORIT\u00c4T!<\/em><\/strong><\/p>\n\n\n\n<hr class=\"wp-block-separator is-style-wide\"\/>\n\n\n<ul class=\"wp-block-latest-posts__list is-grid columns-2 has-dates wp-block-latest-posts\"><\/ul>\n\n\n<hr class=\"wp-block-separator\"\/>\n\n\n\n<h2 class=\"wp-block-heading\">Produkt-Highlight <\/h2>\n\n\n\n<p><\/p>\n\n\n<div data-block-name=\"woocommerce\/product-category\" data-categories=\"[21,22]\" data-columns=\"4\" data-content-visibility=\"{&quot;title&quot;:true,&quot;price&quot;:true,&quot;rating&quot;:false,&quot;button&quot;:false}\" data-edit-mode=\"false\" class=\"wc-block-grid wp-block-product-category wp-block-woocommerce-product-category wc-block-product-category has-4-columns has-multiple-rows\"><ul class=\"wc-block-grid__products\"><li class=\"wc-block-grid__product\">\n\t\t\t\t<a href=\"https:\/\/koi-leitgeb.at\/index.php\/product\/mukashi-62cm-weibl-sansai-marusai\/\" class=\"wc-block-grid__product-link\">\n\t\t\t\t\t\n\t\t\t\t\t<div class=\"wc-block-grid__product-image\"><img loading=\"lazy\" decoding=\"async\" width=\"300\" height=\"466\" src=\"https:\/\/koi-leitgeb.at\/wp-content\/uploads\/2025\/12\/Mukashi-62cm-weibl.-Sansai-Marusai-1290.--300x466.jpg\" class=\"attachment-woocommerce_thumbnail size-woocommerce_thumbnail\" alt=\"Mukashi 62cm weibl. Sansai Marusai\" srcset=\"https:\/\/koi-leitgeb.at\/wp-content\/uploads\/2025\/12\/Mukashi-62cm-weibl.-Sansai-Marusai-1290.--300x466.jpg 300w, https:\/\/koi-leitgeb.at\/wp-content\/uploads\/2025\/12\/Mukashi-62cm-weibl.-Sansai-Marusai-1290.--193x300.jpg 193w, https:\/\/koi-leitgeb.at\/wp-content\/uploads\/2025\/12\/Mukashi-62cm-weibl.-Sansai-Marusai-1290.--659x1024.jpg 659w, https:\/\/koi-leitgeb.at\/wp-content\/uploads\/2025\/12\/Mukashi-62cm-weibl.-Sansai-Marusai-1290.--768x1193.jpg 768w, https:\/\/koi-leitgeb.at\/wp-content\/uploads\/2025\/12\/Mukashi-62cm-weibl.-Sansai-Marusai-1290.--600x932.jpg 600w, https:\/\/koi-leitgeb.at\/wp-content\/uploads\/2025\/12\/Mukashi-62cm-weibl.-Sansai-Marusai-1290.-.jpg 945w\" sizes=\"auto, (max-width: 300px) 100vw, 300px\" \/><\/div>\n\t\t\t\t\t<div class=\"wc-block-grid__product-title\">Mukashi 62cm weibl. Sansai Marusai<\/div>\n\t\t\t\t<\/a>\n\t\t\t\t<div class=\"wc-block-grid__product-price price\"><span class=\"woocommerce-Price-amount amount\"><span class=\"woocommerce-Price-currencySymbol\">&euro;<\/span>1,290.00<\/span><\/div>\n\t\t\t\t\n\t\t\t\t\n\t\t\t<\/li><li class=\"wc-block-grid__product\">\n\t\t\t\t<a href=\"https:\/\/koi-leitgeb.at\/index.php\/product\/mukashi-72cm-sansai-weibl-marudo\/\" class=\"wc-block-grid__product-link\">\n\t\t\t\t\t\n\t\t\t\t\t<div class=\"wc-block-grid__product-image\"><img loading=\"lazy\" decoding=\"async\" width=\"300\" height=\"551\" src=\"https:\/\/koi-leitgeb.at\/wp-content\/uploads\/2025\/12\/Mukashi-72cm-Sansai-weibl.-Marudo-2250.--300x551.jpg\" class=\"attachment-woocommerce_thumbnail size-woocommerce_thumbnail\" alt=\"Mukashi 72cm Sansai weibl. Marudo\" srcset=\"https:\/\/koi-leitgeb.at\/wp-content\/uploads\/2025\/12\/Mukashi-72cm-Sansai-weibl.-Marudo-2250.--300x551.jpg 300w, https:\/\/koi-leitgeb.at\/wp-content\/uploads\/2025\/12\/Mukashi-72cm-Sansai-weibl.-Marudo-2250.--163x300.jpg 163w, https:\/\/koi-leitgeb.at\/wp-content\/uploads\/2025\/12\/Mukashi-72cm-Sansai-weibl.-Marudo-2250.--557x1024.jpg 557w, https:\/\/koi-leitgeb.at\/wp-content\/uploads\/2025\/12\/Mukashi-72cm-Sansai-weibl.-Marudo-2250.--768x1411.jpg 768w, https:\/\/koi-leitgeb.at\/wp-content\/uploads\/2025\/12\/Mukashi-72cm-Sansai-weibl.-Marudo-2250.--836x1536.jpg 836w, https:\/\/koi-leitgeb.at\/wp-content\/uploads\/2025\/12\/Mukashi-72cm-Sansai-weibl.-Marudo-2250.--600x1102.jpg 600w, https:\/\/koi-leitgeb.at\/wp-content\/uploads\/2025\/12\/Mukashi-72cm-Sansai-weibl.-Marudo-2250.-.jpg 945w\" sizes=\"auto, (max-width: 300px) 100vw, 300px\" \/><\/div>\n\t\t\t\t\t<div class=\"wc-block-grid__product-title\">Mukashi 72cm Sansai weibl. Marudo<\/div>\n\t\t\t\t<\/a>\n\t\t\t\t<div class=\"wc-block-grid__product-price price\"><span class=\"woocommerce-Price-amount amount\"><span class=\"woocommerce-Price-currencySymbol\">&euro;<\/span>2,250.00<\/span><\/div>\n\t\t\t\t\n\t\t\t\t\n\t\t\t<\/li><li class=\"wc-block-grid__product\">\n\t\t\t\t<a href=\"https:\/\/koi-leitgeb.at\/index.php\/product\/hi-utsuri-62cm-sansai-weibl-marusai\/\" class=\"wc-block-grid__product-link\">\n\t\t\t\t\t\n\t\t\t\t\t<div class=\"wc-block-grid__product-image\"><img loading=\"lazy\" decoding=\"async\" width=\"300\" height=\"577\" src=\"https:\/\/koi-leitgeb.at\/wp-content\/uploads\/2025\/12\/Hi-Utsuri-62cm-Sansai-weibl.Marusai-1290.--300x577.jpg\" class=\"attachment-woocommerce_thumbnail size-woocommerce_thumbnail\" alt=\"Hi Utsuri 62cm Sansai weibl.Marusai\" srcset=\"https:\/\/koi-leitgeb.at\/wp-content\/uploads\/2025\/12\/Hi-Utsuri-62cm-Sansai-weibl.Marusai-1290.--300x577.jpg 300w, https:\/\/koi-leitgeb.at\/wp-content\/uploads\/2025\/12\/Hi-Utsuri-62cm-Sansai-weibl.Marusai-1290.--156x300.jpg 156w, https:\/\/koi-leitgeb.at\/wp-content\/uploads\/2025\/12\/Hi-Utsuri-62cm-Sansai-weibl.Marusai-1290.--533x1024.jpg 533w, https:\/\/koi-leitgeb.at\/wp-content\/uploads\/2025\/12\/Hi-Utsuri-62cm-Sansai-weibl.Marusai-1290.--768x1476.jpg 768w, https:\/\/koi-leitgeb.at\/wp-content\/uploads\/2025\/12\/Hi-Utsuri-62cm-Sansai-weibl.Marusai-1290.--799x1536.jpg 799w, https:\/\/koi-leitgeb.at\/wp-content\/uploads\/2025\/12\/Hi-Utsuri-62cm-Sansai-weibl.Marusai-1290.--600x1153.jpg 600w, https:\/\/koi-leitgeb.at\/wp-content\/uploads\/2025\/12\/Hi-Utsuri-62cm-Sansai-weibl.Marusai-1290.-.jpg 945w\" sizes=\"auto, (max-width: 300px) 100vw, 300px\" \/><\/div>\n\t\t\t\t\t<div class=\"wc-block-grid__product-title\">Hi Utsuri 62cm Sansai weibl.Marusai<\/div>\n\t\t\t\t<\/a>\n\t\t\t\t<div class=\"wc-block-grid__product-price price\"><span class=\"woocommerce-Price-amount amount\"><span class=\"woocommerce-Price-currencySymbol\">&euro;<\/span>1,290.00<\/span><\/div>\n\t\t\t\t\n\t\t\t\t\n\t\t\t<\/li><li class=\"wc-block-grid__product\">\n\t\t\t\t<a href=\"https:\/\/koi-leitgeb.at\/index.php\/product\/gr-red-karashi-sansai-65cm-weibl-marusai\/\" class=\"wc-block-grid__product-link\">\n\t\t\t\t\t\n\t\t\t\t\t<div class=\"wc-block-grid__product-image\"><img loading=\"lazy\" decoding=\"async\" width=\"300\" height=\"611\" src=\"https:\/\/koi-leitgeb.at\/wp-content\/uploads\/2025\/12\/GR-Red-Karashi-Sansai-65cm-weibl.-Marusai-1490.--300x611.jpg\" class=\"attachment-woocommerce_thumbnail size-woocommerce_thumbnail\" alt=\"GR Red Karashi Sansai 65cm weibl. Marusai\" srcset=\"https:\/\/koi-leitgeb.at\/wp-content\/uploads\/2025\/12\/GR-Red-Karashi-Sansai-65cm-weibl.-Marusai-1490.--300x611.jpg 300w, https:\/\/koi-leitgeb.at\/wp-content\/uploads\/2025\/12\/GR-Red-Karashi-Sansai-65cm-weibl.-Marusai-1490.--147x300.jpg 147w, https:\/\/koi-leitgeb.at\/wp-content\/uploads\/2025\/12\/GR-Red-Karashi-Sansai-65cm-weibl.-Marusai-1490.--503x1024.jpg 503w, https:\/\/koi-leitgeb.at\/wp-content\/uploads\/2025\/12\/GR-Red-Karashi-Sansai-65cm-weibl.-Marusai-1490.--768x1564.jpg 768w, https:\/\/koi-leitgeb.at\/wp-content\/uploads\/2025\/12\/GR-Red-Karashi-Sansai-65cm-weibl.-Marusai-1490.--754x1536.jpg 754w, https:\/\/koi-leitgeb.at\/wp-content\/uploads\/2025\/12\/GR-Red-Karashi-Sansai-65cm-weibl.-Marusai-1490.--600x1222.jpg 600w, https:\/\/koi-leitgeb.at\/wp-content\/uploads\/2025\/12\/GR-Red-Karashi-Sansai-65cm-weibl.-Marusai-1490.-.jpg 945w\" sizes=\"auto, (max-width: 300px) 100vw, 300px\" \/><\/div>\n\t\t\t\t\t<div class=\"wc-block-grid__product-title\">GR Red Karashi Sansai 65cm weibl. Marusai<\/div>\n\t\t\t\t<\/a>\n\t\t\t\t<div class=\"wc-block-grid__product-price price\"><span class=\"woocommerce-Price-amount amount\"><span class=\"woocommerce-Price-currencySymbol\">&euro;<\/span>1,490.00<\/span><\/div>\n\t\t\t\t\n\t\t\t\t\n\t\t\t<\/li><li class=\"wc-block-grid__product\">\n\t\t\t\t<a href=\"https:\/\/koi-leitgeb.at\/index.php\/product\/golden-corn-karashi-60-65cm-weibl-marusai-sansai-reserviert\/\" class=\"wc-block-grid__product-link\">\n\t\t\t\t\t\n\t\t\t\t\t<div class=\"wc-block-grid__product-image\"><img loading=\"lazy\" decoding=\"async\" width=\"300\" height=\"596\" src=\"https:\/\/koi-leitgeb.at\/wp-content\/uploads\/2025\/12\/Golden-Corn-Karashi-60-65cm-weibl.-Marusai-Sansai-reserviert-300x596.jpg\" class=\"attachment-woocommerce_thumbnail size-woocommerce_thumbnail\" alt=\"Golden Corn Karashi 60cm weibl. Marusai Sansai reserviert\" srcset=\"https:\/\/koi-leitgeb.at\/wp-content\/uploads\/2025\/12\/Golden-Corn-Karashi-60-65cm-weibl.-Marusai-Sansai-reserviert-300x596.jpg 300w, https:\/\/koi-leitgeb.at\/wp-content\/uploads\/2025\/12\/Golden-Corn-Karashi-60-65cm-weibl.-Marusai-Sansai-reserviert-151x300.jpg 151w, https:\/\/koi-leitgeb.at\/wp-content\/uploads\/2025\/12\/Golden-Corn-Karashi-60-65cm-weibl.-Marusai-Sansai-reserviert-515x1024.jpg 515w, https:\/\/koi-leitgeb.at\/wp-content\/uploads\/2025\/12\/Golden-Corn-Karashi-60-65cm-weibl.-Marusai-Sansai-reserviert-768x1526.jpg 768w, https:\/\/koi-leitgeb.at\/wp-content\/uploads\/2025\/12\/Golden-Corn-Karashi-60-65cm-weibl.-Marusai-Sansai-reserviert-773x1536.jpg 773w, https:\/\/koi-leitgeb.at\/wp-content\/uploads\/2025\/12\/Golden-Corn-Karashi-60-65cm-weibl.-Marusai-Sansai-reserviert-600x1192.jpg 600w, https:\/\/koi-leitgeb.at\/wp-content\/uploads\/2025\/12\/Golden-Corn-Karashi-60-65cm-weibl.-Marusai-Sansai-reserviert.jpg 945w\" sizes=\"auto, (max-width: 300px) 100vw, 300px\" \/><\/div>\n\t\t\t\t\t<div class=\"wc-block-grid__product-title\">Golden Corn Karashi 60cm weibl. Marusai Sansai reserviert<\/div>\n\t\t\t\t<\/a>\n\t\t\t\t<div class=\"wc-block-grid__product-price price\"><span class=\"woocommerce-Price-amount amount\"><span class=\"woocommerce-Price-currencySymbol\">&euro;<\/span>0.00<\/span><\/div>\n\t\t\t\t\n\t\t\t\t\n\t\t\t<\/li><li class=\"wc-block-grid__product\">\n\t\t\t\t<a href=\"https:\/\/koi-leitgeb.at\/index.php\/product\/kin-kabuto-62cm-sansai-weibl-marusai-reserviert\/\" class=\"wc-block-grid__product-link\">\n\t\t\t\t\t\n\t\t\t\t\t<div class=\"wc-block-grid__product-image\"><img loading=\"lazy\" decoding=\"async\" width=\"300\" height=\"525\" src=\"https:\/\/koi-leitgeb.at\/wp-content\/uploads\/2025\/12\/Kin-Kabuto-62cm-Sansai-weibl.-Marusai-reserviert-300x525.jpg\" class=\"attachment-woocommerce_thumbnail size-woocommerce_thumbnail\" alt=\"Kin Kabuto 62cm Sansai weibl. Marusai reserviert\" srcset=\"https:\/\/koi-leitgeb.at\/wp-content\/uploads\/2025\/12\/Kin-Kabuto-62cm-Sansai-weibl.-Marusai-reserviert-300x525.jpg 300w, https:\/\/koi-leitgeb.at\/wp-content\/uploads\/2025\/12\/Kin-Kabuto-62cm-Sansai-weibl.-Marusai-reserviert-172x300.jpg 172w, https:\/\/koi-leitgeb.at\/wp-content\/uploads\/2025\/12\/Kin-Kabuto-62cm-Sansai-weibl.-Marusai-reserviert-585x1024.jpg 585w, https:\/\/koi-leitgeb.at\/wp-content\/uploads\/2025\/12\/Kin-Kabuto-62cm-Sansai-weibl.-Marusai-reserviert-768x1343.jpg 768w, https:\/\/koi-leitgeb.at\/wp-content\/uploads\/2025\/12\/Kin-Kabuto-62cm-Sansai-weibl.-Marusai-reserviert-878x1536.jpg 878w, https:\/\/koi-leitgeb.at\/wp-content\/uploads\/2025\/12\/Kin-Kabuto-62cm-Sansai-weibl.-Marusai-reserviert-600x1050.jpg 600w, https:\/\/koi-leitgeb.at\/wp-content\/uploads\/2025\/12\/Kin-Kabuto-62cm-Sansai-weibl.-Marusai-reserviert.jpg 945w\" sizes=\"auto, (max-width: 300px) 100vw, 300px\" \/><\/div>\n\t\t\t\t\t<div class=\"wc-block-grid__product-title\">Kin Kabuto 62cm Sansai weibl. Marusai reserviert<\/div>\n\t\t\t\t<\/a>\n\t\t\t\t<div class=\"wc-block-grid__product-price price\"><span class=\"woocommerce-Price-amount amount\"><span class=\"woocommerce-Price-currencySymbol\">&euro;<\/span>0.00<\/span><\/div>\n\t\t\t\t\n\t\t\t\t\n\t\t\t<\/li><li class=\"wc-block-grid__product\">\n\t\t\t\t<a href=\"https:\/\/koi-leitgeb.at\/index.php\/product\/gr-braun-chagoi-64cm-weibl-sansai-maruhiro-reserviert\/\" class=\"wc-block-grid__product-link\">\n\t\t\t\t\t\n\t\t\t\t\t<div class=\"wc-block-grid__product-image\"><img loading=\"lazy\" decoding=\"async\" width=\"300\" height=\"575\" src=\"https:\/\/koi-leitgeb.at\/wp-content\/uploads\/2025\/12\/GR-Braun-Chagoi-64cm-weibl.-Sansai-Maruhiro-reserviert-300x575.jpg\" class=\"attachment-woocommerce_thumbnail size-woocommerce_thumbnail\" alt=\"GR Braun Chagoi 64cm weibl. Sansai Maruhiro reserviert\" srcset=\"https:\/\/koi-leitgeb.at\/wp-content\/uploads\/2025\/12\/GR-Braun-Chagoi-64cm-weibl.-Sansai-Maruhiro-reserviert-300x575.jpg 300w, https:\/\/koi-leitgeb.at\/wp-content\/uploads\/2025\/12\/GR-Braun-Chagoi-64cm-weibl.-Sansai-Maruhiro-reserviert-156x300.jpg 156w, https:\/\/koi-leitgeb.at\/wp-content\/uploads\/2025\/12\/GR-Braun-Chagoi-64cm-weibl.-Sansai-Maruhiro-reserviert-534x1024.jpg 534w, https:\/\/koi-leitgeb.at\/wp-content\/uploads\/2025\/12\/GR-Braun-Chagoi-64cm-weibl.-Sansai-Maruhiro-reserviert-768x1473.jpg 768w, https:\/\/koi-leitgeb.at\/wp-content\/uploads\/2025\/12\/GR-Braun-Chagoi-64cm-weibl.-Sansai-Maruhiro-reserviert-801x1536.jpg 801w, https:\/\/koi-leitgeb.at\/wp-content\/uploads\/2025\/12\/GR-Braun-Chagoi-64cm-weibl.-Sansai-Maruhiro-reserviert-600x1150.jpg 600w, https:\/\/koi-leitgeb.at\/wp-content\/uploads\/2025\/12\/GR-Braun-Chagoi-64cm-weibl.-Sansai-Maruhiro-reserviert.jpg 945w\" sizes=\"auto, (max-width: 300px) 100vw, 300px\" \/><\/div>\n\t\t\t\t\t<div class=\"wc-block-grid__product-title\">GR Braun Chagoi 64cm weibl. Sansai Maruhiro reserviert<\/div>\n\t\t\t\t<\/a>\n\t\t\t\t<div class=\"wc-block-grid__product-price price\"><span class=\"woocommerce-Price-amount amount\"><span class=\"woocommerce-Price-currencySymbol\">&euro;<\/span>0.00<\/span><\/div>\n\t\t\t\t\n\t\t\t\t\n\t\t\t<\/li><li class=\"wc-block-grid__product\">\n\t\t\t\t<a href=\"https:\/\/koi-leitgeb.at\/index.php\/product\/karashigoi-62cm-sasai-weibl-maruhiro-1290\/\" class=\"wc-block-grid__product-link\">\n\t\t\t\t\t\n\t\t\t\t\t<div class=\"wc-block-grid__product-image\"><img loading=\"lazy\" decoding=\"async\" width=\"300\" height=\"570\" src=\"https:\/\/koi-leitgeb.at\/wp-content\/uploads\/2025\/12\/Karashigoi-62cm-Sasai-weibl.-Maruhiro-1290.--300x570.jpg\" class=\"attachment-woocommerce_thumbnail size-woocommerce_thumbnail\" alt=\"Karashigoi 62cm Sasai weibl. Maruhiro 1290.-\" srcset=\"https:\/\/koi-leitgeb.at\/wp-content\/uploads\/2025\/12\/Karashigoi-62cm-Sasai-weibl.-Maruhiro-1290.--300x570.jpg 300w, https:\/\/koi-leitgeb.at\/wp-content\/uploads\/2025\/12\/Karashigoi-62cm-Sasai-weibl.-Maruhiro-1290.--158x300.jpg 158w, https:\/\/koi-leitgeb.at\/wp-content\/uploads\/2025\/12\/Karashigoi-62cm-Sasai-weibl.-Maruhiro-1290.--539x1024.jpg 539w, https:\/\/koi-leitgeb.at\/wp-content\/uploads\/2025\/12\/Karashigoi-62cm-Sasai-weibl.-Maruhiro-1290.--768x1459.jpg 768w, https:\/\/koi-leitgeb.at\/wp-content\/uploads\/2025\/12\/Karashigoi-62cm-Sasai-weibl.-Maruhiro-1290.--809x1536.jpg 809w, https:\/\/koi-leitgeb.at\/wp-content\/uploads\/2025\/12\/Karashigoi-62cm-Sasai-weibl.-Maruhiro-1290.--600x1140.jpg 600w, https:\/\/koi-leitgeb.at\/wp-content\/uploads\/2025\/12\/Karashigoi-62cm-Sasai-weibl.-Maruhiro-1290.-.jpg 945w\" sizes=\"auto, (max-width: 300px) 100vw, 300px\" \/><\/div>\n\t\t\t\t\t<div class=\"wc-block-grid__product-title\">Karashigoi 62cm Sasai weibl. Maruhiro 1290.-<\/div>\n\t\t\t\t<\/a>\n\t\t\t\t<div class=\"wc-block-grid__product-price price\"><span class=\"woocommerce-Price-amount amount\"><span class=\"woocommerce-Price-currencySymbol\">&euro;<\/span>1,290.00<\/span><\/div>\n\t\t\t\t\n\t\t\t\t\n\t\t\t<\/li><li class=\"wc-block-grid__product\">\n\t\t\t\t<a href=\"https:\/\/koi-leitgeb.at\/index.php\/product\/tancho-60-65cm-sansai-weibl-maruhiro-reserviert\/\" class=\"wc-block-grid__product-link\">\n\t\t\t\t\t\n\t\t\t\t\t<div class=\"wc-block-grid__product-image\"><img loading=\"lazy\" decoding=\"async\" width=\"300\" height=\"510\" src=\"https:\/\/koi-leitgeb.at\/wp-content\/uploads\/2025\/12\/Tancho-60-65cm-Sansai-weibl.-Maruhiro-reserviert-300x510.jpg\" class=\"attachment-woocommerce_thumbnail size-woocommerce_thumbnail\" alt=\"Tancho 60-65cm Sansai weibl. Maruhiro reserviert\" srcset=\"https:\/\/koi-leitgeb.at\/wp-content\/uploads\/2025\/12\/Tancho-60-65cm-Sansai-weibl.-Maruhiro-reserviert-300x510.jpg 300w, https:\/\/koi-leitgeb.at\/wp-content\/uploads\/2025\/12\/Tancho-60-65cm-Sansai-weibl.-Maruhiro-reserviert-176x300.jpg 176w, https:\/\/koi-leitgeb.at\/wp-content\/uploads\/2025\/12\/Tancho-60-65cm-Sansai-weibl.-Maruhiro-reserviert-602x1024.jpg 602w, https:\/\/koi-leitgeb.at\/wp-content\/uploads\/2025\/12\/Tancho-60-65cm-Sansai-weibl.-Maruhiro-reserviert-768x1307.jpg 768w, https:\/\/koi-leitgeb.at\/wp-content\/uploads\/2025\/12\/Tancho-60-65cm-Sansai-weibl.-Maruhiro-reserviert-903x1536.jpg 903w, https:\/\/koi-leitgeb.at\/wp-content\/uploads\/2025\/12\/Tancho-60-65cm-Sansai-weibl.-Maruhiro-reserviert-600x1021.jpg 600w, https:\/\/koi-leitgeb.at\/wp-content\/uploads\/2025\/12\/Tancho-60-65cm-Sansai-weibl.-Maruhiro-reserviert.jpg 945w\" sizes=\"auto, (max-width: 300px) 100vw, 300px\" \/><\/div>\n\t\t\t\t\t<div class=\"wc-block-grid__product-title\">Tancho 60-65cm Sansai weibl. Maruhiro reserviert<\/div>\n\t\t\t\t<\/a>\n\t\t\t\t<div class=\"wc-block-grid__product-price price\"><span class=\"woocommerce-Price-amount amount\"><span class=\"woocommerce-Price-currencySymbol\">&euro;<\/span>0.00<\/span><\/div>\n\t\t\t\t\n\t\t\t\t\n\t\t\t<\/li><li class=\"wc-block-grid__product\">\n\t\t\t\t<a href=\"https:\/\/koi-leitgeb.at\/index.php\/product\/hi-utsuri-sansai-61-65cm-marusai-weibl\/\" class=\"wc-block-grid__product-link\">\n\t\t\t\t\t\n\t\t\t\t\t<div class=\"wc-block-grid__product-image\"><img loading=\"lazy\" decoding=\"async\" width=\"300\" height=\"543\" src=\"https:\/\/koi-leitgeb.at\/wp-content\/uploads\/2025\/12\/Hi-Utsuri-Sansai-61-65cm-Marusai-weibl.-1150.--300x543.jpg\" class=\"attachment-woocommerce_thumbnail size-woocommerce_thumbnail\" alt=\"Hi Utsuri Sansai 61-65cm Marusai weibl.\" srcset=\"https:\/\/koi-leitgeb.at\/wp-content\/uploads\/2025\/12\/Hi-Utsuri-Sansai-61-65cm-Marusai-weibl.-1150.--300x543.jpg 300w, https:\/\/koi-leitgeb.at\/wp-content\/uploads\/2025\/12\/Hi-Utsuri-Sansai-61-65cm-Marusai-weibl.-1150.--166x300.jpg 166w, https:\/\/koi-leitgeb.at\/wp-content\/uploads\/2025\/12\/Hi-Utsuri-Sansai-61-65cm-Marusai-weibl.-1150.--566x1024.jpg 566w, https:\/\/koi-leitgeb.at\/wp-content\/uploads\/2025\/12\/Hi-Utsuri-Sansai-61-65cm-Marusai-weibl.-1150.--768x1389.jpg 768w, https:\/\/koi-leitgeb.at\/wp-content\/uploads\/2025\/12\/Hi-Utsuri-Sansai-61-65cm-Marusai-weibl.-1150.--849x1536.jpg 849w, https:\/\/koi-leitgeb.at\/wp-content\/uploads\/2025\/12\/Hi-Utsuri-Sansai-61-65cm-Marusai-weibl.-1150.--600x1085.jpg 600w, https:\/\/koi-leitgeb.at\/wp-content\/uploads\/2025\/12\/Hi-Utsuri-Sansai-61-65cm-Marusai-weibl.-1150.-.jpg 945w\" sizes=\"auto, (max-width: 300px) 100vw, 300px\" \/><\/div>\n\t\t\t\t\t<div class=\"wc-block-grid__product-title\">Hi Utsuri Sansai 61-65cm Marusai weibl.<\/div>\n\t\t\t\t<\/a>\n\t\t\t\t<div class=\"wc-block-grid__product-price price\"><span class=\"woocommerce-Price-amount amount\"><span class=\"woocommerce-Price-currencySymbol\">&euro;<\/span>1,290.00<\/span><\/div>\n\t\t\t\t\n\t\t\t\t\n\t\t\t<\/li><li class=\"wc-block-grid__product\">\n\t\t\t\t<a href=\"https:\/\/koi-leitgeb.at\/index.php\/product\/mizuho-ogon-sansai-60-65cm-weibl-marusai\/\" class=\"wc-block-grid__product-link\">\n\t\t\t\t\t\n\t\t\t\t\t<div class=\"wc-block-grid__product-image\"><img loading=\"lazy\" decoding=\"async\" width=\"300\" height=\"631\" src=\"https:\/\/koi-leitgeb.at\/wp-content\/uploads\/2025\/12\/Mizuho-Ogon-Sansai-60-65cm-weibl.-Marusai-1150.--300x631.jpg\" class=\"attachment-woocommerce_thumbnail size-woocommerce_thumbnail\" alt=\"Mizuho Ogon Sansai 60-65cm weibl. Marusai\" srcset=\"https:\/\/koi-leitgeb.at\/wp-content\/uploads\/2025\/12\/Mizuho-Ogon-Sansai-60-65cm-weibl.-Marusai-1150.--300x631.jpg 300w, https:\/\/koi-leitgeb.at\/wp-content\/uploads\/2025\/12\/Mizuho-Ogon-Sansai-60-65cm-weibl.-Marusai-1150.--143x300.jpg 143w, https:\/\/koi-leitgeb.at\/wp-content\/uploads\/2025\/12\/Mizuho-Ogon-Sansai-60-65cm-weibl.-Marusai-1150.--487x1024.jpg 487w, https:\/\/koi-leitgeb.at\/wp-content\/uploads\/2025\/12\/Mizuho-Ogon-Sansai-60-65cm-weibl.-Marusai-1150.--768x1615.jpg 768w, https:\/\/koi-leitgeb.at\/wp-content\/uploads\/2025\/12\/Mizuho-Ogon-Sansai-60-65cm-weibl.-Marusai-1150.--731x1536.jpg 731w, https:\/\/koi-leitgeb.at\/wp-content\/uploads\/2025\/12\/Mizuho-Ogon-Sansai-60-65cm-weibl.-Marusai-1150.--600x1262.jpg 600w, https:\/\/koi-leitgeb.at\/wp-content\/uploads\/2025\/12\/Mizuho-Ogon-Sansai-60-65cm-weibl.-Marusai-1150.-.jpg 945w\" sizes=\"auto, (max-width: 300px) 100vw, 300px\" \/><\/div>\n\t\t\t\t\t<div class=\"wc-block-grid__product-title\">Mizuho Ogon Sansai 60-65cm weibl. Marusai<\/div>\n\t\t\t\t<\/a>\n\t\t\t\t<div class=\"wc-block-grid__product-price price\"><span class=\"woocommerce-Price-amount amount\"><span class=\"woocommerce-Price-currencySymbol\">&euro;<\/span>1,150.00<\/span><\/div>\n\t\t\t\t\n\t\t\t\t\n\t\t\t<\/li><li class=\"wc-block-grid__product\">\n\t\t\t\t<a href=\"https:\/\/koi-leitgeb.at\/index.php\/product\/mukashi-67cm-weibl-sansai-marudo\/\" class=\"wc-block-grid__product-link\">\n\t\t\t\t\t\n\t\t\t\t\t<div class=\"wc-block-grid__product-image\"><img loading=\"lazy\" decoding=\"async\" width=\"300\" height=\"608\" src=\"https:\/\/koi-leitgeb.at\/wp-content\/uploads\/2025\/12\/Mukashi-67cm-weibl.-Sansai-Marudo-1750.--300x608.jpg\" class=\"attachment-woocommerce_thumbnail size-woocommerce_thumbnail\" alt=\"Mukashi 67cm weibl. Sansai Marudo\" srcset=\"https:\/\/koi-leitgeb.at\/wp-content\/uploads\/2025\/12\/Mukashi-67cm-weibl.-Sansai-Marudo-1750.--300x608.jpg 300w, https:\/\/koi-leitgeb.at\/wp-content\/uploads\/2025\/12\/Mukashi-67cm-weibl.-Sansai-Marudo-1750.--148x300.jpg 148w, https:\/\/koi-leitgeb.at\/wp-content\/uploads\/2025\/12\/Mukashi-67cm-weibl.-Sansai-Marudo-1750.--505x1024.jpg 505w, https:\/\/koi-leitgeb.at\/wp-content\/uploads\/2025\/12\/Mukashi-67cm-weibl.-Sansai-Marudo-1750.--768x1556.jpg 768w, https:\/\/koi-leitgeb.at\/wp-content\/uploads\/2025\/12\/Mukashi-67cm-weibl.-Sansai-Marudo-1750.--758x1536.jpg 758w, https:\/\/koi-leitgeb.at\/wp-content\/uploads\/2025\/12\/Mukashi-67cm-weibl.-Sansai-Marudo-1750.--600x1216.jpg 600w, https:\/\/koi-leitgeb.at\/wp-content\/uploads\/2025\/12\/Mukashi-67cm-weibl.-Sansai-Marudo-1750.-.jpg 945w\" sizes=\"auto, (max-width: 300px) 100vw, 300px\" \/><\/div>\n\t\t\t\t\t<div class=\"wc-block-grid__product-title\">Mukashi 67cm weibl. Sansai Marudo<\/div>\n\t\t\t\t<\/a>\n\t\t\t\t<div class=\"wc-block-grid__product-price price\"><span class=\"woocommerce-Price-amount amount\"><span class=\"woocommerce-Price-currencySymbol\">&euro;<\/span>1,750.00<\/span><\/div>\n\t\t\t\t\n\t\t\t\t\n\t\t\t<\/li><\/ul><\/div>\n\n\n<p><\/p>\n","protected":false},"excerpt":{"rendered":"<p>Bei der j\u00e4hrlichen Japanreise werden die Koi von mir pers\u00f6nlich selektiert, um Ihnen nur Koi, bester Gesundheit in top Qualit\u00e4t anbieten zu k\u00f6nnen. Mag. Yasmin Golger Fachtier\u00e4rztin f\u00fcr Fische und Bienen kontrolliert zusammen mit der Veterin\u00e4rmedizinischen Universit\u00e4t die Wasserqualit\u00e4t und die Gesundheit der Koi. Die KHV-Test\u00b4s sind in unserer Anlage einsehbar. Neben Koi finden Sie auch unser Hochleistungs Koifutter Chikara, Mehrkammernfilter und Teichzubeh\u00f6r, auf meiner Webseite. KEIN VERSAND VON KOI, ZUSTELLUNG JEDOCH AUF ANFRAGE M\u00d6GLICH! Auch&nbsp;Gutscheine&nbsp;sind bei uns erh\u00e4ltlich. IHRE ZUFRIEDENHEIT HAT BEI UNS H\u00d6CHSTE PRIORIT\u00c4T! Produkt-Highlight<\/p>\n","protected":false},"author":1,"featured_media":0,"parent":0,"menu_order":0,"comment_status":"closed","ping_status":"closed","template":"","meta":{"footnotes":""},"class_list":["post-285","page","type-page","status-publish","hentry"],"_links":{"self":[{"href":"https:\/\/koi-leitgeb.at\/index.php\/wp-json\/wp\/v2\/pages\/285","targetHints":{"allow":["GET"]}}],"collection":[{"href":"https:\/\/koi-leitgeb.at\/index.php\/wp-json\/wp\/v2\/pages"}],"about":[{"href":"https:\/\/koi-leitgeb.at\/index.php\/wp-json\/wp\/v2\/types\/page"}],"author":[{"embeddable":true,"href":"https:\/\/koi-leitgeb.at\/index.php\/wp-json\/wp\/v2\/users\/1"}],"replies":[{"embeddable":true,"href":"https:\/\/koi-leitgeb.at\/index.php\/wp-json\/wp\/v2\/comments?post=285"}],"version-history":[{"count":19,"href":"https:\/\/koi-leitgeb.at\/index.php\/wp-json\/wp\/v2\/pages\/285\/revisions"}],"predecessor-version":[{"id":3343,"href":"https:\/\/koi-leitgeb.at\/index.php\/wp-json\/wp\/v2\/pages\/285\/revisions\/3343"}],"wp:attachment":[{"href":"https:\/\/koi-leitgeb.at\/index.php\/wp-json\/wp\/v2\/media?parent=285"}],"curies":[{"name":"wp","href":"https:\/\/api.w.org\/{rel}","templated":true}]}}